{"id":2719,"date":"2024-03-05T09:21:09","date_gmt":"2024-03-05T08:21:09","guid":{"rendered":"https:\/\/www.nordfjordhavn.no\/?page_id=2719"},"modified":"2024-03-05T09:21:09","modified_gmt":"2024-03-05T08:21:09","slug":"mooring-plan-maloy","status":"publish","type":"page","link":"https:\/\/www.nordfjordhavn.no\/en\/cruise\/mooring-plan-maloy\/","title":{"rendered":"Mooring plan M\u00e5l\u00f8y"},"content":{"rendered":"<p>[et_pb_section fb_built=&#8221;1&#8243; fullwidth=&#8221;on&#8221; disabled_on=&#8221;off|off|on&#8221; _builder_version=&#8221;4.16&#8243; global_colors_info=&#8221;{}&#8221;][et_pb_fullwidth_menu menu_id=&#8221;11&#8243; submenu_direction=&#8221;downwards&#8221; fullwidth_menu=&#8221;on&#8221; active_link_color=&#8221;#005094&#8243; dropdown_menu_bg_color=&#8221;#f5f5f5&#8243; dropdown_menu_text_color=&#8221;#000000&#8243; mobile_menu_bg_color=&#8221;#f5f5f5&#8243; mobile_menu_text_color=&#8221;#000000&#8243; _builder_version=&#8221;4.16&#8243; menu_font_size=&#8221;17px&#8221; background_color=&#8221;#f5f5f5&#8243; text_orientation=&#8221;center&#8221; custom_margin=&#8221;||0px|&#8221; global_colors_info=&#8221;{}&#8221;][\/et_pb_fullwidth_menu][\/et_pb_section][et_pb_section fb_built=&#8221;1&#8243; specialty=&#8221;on&#8221; _builder_version=&#8221;4.16&#8243; global_colors_info=&#8221;{}&#8221;][et_pb_column type=&#8221;1_3&#8243; _builder_version=&#8221;4.16&#8243; custom_padding=&#8221;|||&#8221; global_colors_info=&#8221;{}&#8221; custom_padding__hover=&#8221;|||&#8221;][et_pb_sidebar area=&#8221;et_pb_widget_area_3&#8243; show_border=&#8221;off&#8221; disabled_on=&#8221;on|on|&#8221; _builder_version=&#8221;4.16&#8243; header_font_size=&#8221;14&#8243; global_colors_info=&#8221;{}&#8221;][\/et_pb_sidebar][\/et_pb_column][et_pb_column type=&#8221;2_3&#8243; specialty_columns=&#8221;2&#8243; _builder_version=&#8221;4.16&#8243; custom_padding=&#8221;|||&#8221; global_colors_info=&#8221;{}&#8221; custom_padding__hover=&#8221;|||&#8221;][et_pb_row_inner admin_label=&#8221;Rad&#8221; _builder_version=&#8221;4.16&#8243; global_colors_info=&#8221;{}&#8221;][et_pb_column_inner saved_specialty_column_type=&#8221;2_3&#8243; _builder_version=&#8221;4.16&#8243; custom_padding=&#8221;|||&#8221; global_colors_info=&#8221;{}&#8221; custom_padding__hover=&#8221;|||&#8221;][et_pb_text _builder_version=&#8221;4.24.2&#8243; hover_enabled=&#8221;0&#8243; global_colors_info=&#8221;{}&#8221; sticky_enabled=&#8221;0&#8243;]<\/p>\n<h1>Mooring plan M\u00e5l\u00f8y<\/h1>\n<p>[\/et_pb_text][\/et_pb_column_inner][\/et_pb_row_inner][et_pb_row_inner admin_label=&#8221;Rad&#8221; _builder_version=&#8221;4.24.2&#8243; custom_padding=&#8221;0px|0px|30.0781px|0px&#8221; global_colors_info=&#8221;{}&#8221;][et_pb_column_inner saved_specialty_column_type=&#8221;2_3&#8243; _builder_version=&#8221;4.16&#8243; custom_padding=&#8221;|||&#8221; global_colors_info=&#8221;{}&#8221; custom_padding__hover=&#8221;|||&#8221;][et_pb_text _builder_version=&#8221;4.24.2&#8243; _module_preset=&#8221;default&#8221; global_colors_info=&#8221;{}&#8221;]<\/p>\n<p><strong>Up to 180m.<\/strong><\/p>\n<p>[\/et_pb_text][et_pb_image src=&#8221;https:\/\/www.nordfjordhavn.no\/wp-content\/uploads\/2024\/03\/Maloy-Mooring-suggestion-up-to-180m.jpg&#8221; title_text=&#8221;Ma\u030al\u00f8y &#8211; Mooring suggestion up to 180m.&#8221; show_in_lightbox=&#8221;on&#8221; _builder_version=&#8221;4.24.2&#8243; _module_preset=&#8221;default&#8221; hover_enabled=&#8221;0&#8243; global_colors_info=&#8221;{}&#8221; sticky_enabled=&#8221;0&#8243;][\/et_pb_image][et_pb_text _builder_version=&#8221;4.24.2&#8243; _module_preset=&#8221;default&#8221; hover_enabled=&#8221;0&#8243; global_colors_info=&#8221;{}&#8221; sticky_enabled=&#8221;0&#8243;]<\/p>\n<p><strong>180m. \u2013 280m.<\/strong><\/p>\n<p>[\/et_pb_text][et_pb_image src=&#8221;https:\/\/www.nordfjordhavn.no\/wp-content\/uploads\/2024\/03\/Maloy-Mooring-suggestion-180m.-280m.jpg&#8221; title_text=&#8221;Ma\u030al\u00f8y &#8211; Mooring suggestion 180m. &#8211; 280m.&#8221; show_in_lightbox=&#8221;on&#8221; _builder_version=&#8221;4.24.2&#8243; _module_preset=&#8221;default&#8221; hover_enabled=&#8221;0&#8243; global_colors_info=&#8221;{}&#8221; sticky_enabled=&#8221;0&#8243;][\/et_pb_image][et_pb_text _builder_version=&#8221;4.24.2&#8243; _module_preset=&#8221;default&#8221; global_colors_info=&#8221;{}&#8221;]<\/p>\n<p><strong>280m. and above<\/strong><\/p>\n<p>[\/et_pb_text][et_pb_image src=&#8221;https:\/\/www.nordfjordhavn.no\/wp-content\/uploads\/2024\/03\/Maloy-Mooring-suggestion-280-m.-and-above.jpg&#8221; title_text=&#8221;Ma\u030al\u00f8y &#8211; Mooring suggestion 280 m. and above&#8221; show_in_lightbox=&#8221;on&#8221; _builder_version=&#8221;4.24.2&#8243; _module_preset=&#8221;default&#8221; hover_enabled=&#8221;0&#8243; global_colors_info=&#8221;{}&#8221; sticky_enabled=&#8221;0&#8243;][\/et_pb_image][\/et_pb_column_inner][\/et_pb_row_inner][\/et_pb_column][\/et_pb_section]<\/p>\n","protected":false},"excerpt":{"rendered":"<p>Mooring plan M\u00e5l\u00f8yUp to 180m.180m. \u2013 280m.280m. and above<\/p>\n","protected":false},"author":1,"featured_media":0,"parent":1748,"menu_order":0,"comment_status":"closed","ping_status":"closed","template":"","meta":{"_et_pb_use_builder":"on","_et_pb_old_content":"","_et_gb_content_width":"","footnotes":"","_links_to":"","_links_to_target":""},"class_list":["post-2719","page","type-page","status-publish","hentry"],"yoast_head":"<!-- This site is optimized with the Yoast SEO plugin v27.4 - https:\/\/yoast.com\/product\/yoast-seo-wordpress\/ -->\n<title>Mooring plan M\u00e5l\u00f8y - Nordfjord Havn<\/title>\n<meta name=\"robots\" content=\"index, follow, max-snippet:-1, max-image-preview:large, max-video-preview:-1\" \/>\n<link rel=\"canonical\" href=\"https:\/\/www.nordfjordhavn.no\/en\/cruise\/mooring-plan-maloy\/\" \/>\n<meta property=\"og:locale\" content=\"en_US\" \/>\n<meta property=\"og:type\" content=\"article\" \/>\n<meta property=\"og:title\" content=\"Mooring plan M\u00e5l\u00f8y - Nordfjord Havn\" \/>\n<meta property=\"og:description\" content=\"Mooring plan M\u00e5l\u00f8yUp to 180m.180m. \u2013 280m.280m. and above\" \/>\n<meta property=\"og:url\" content=\"https:\/\/www.nordfjordhavn.no\/en\/cruise\/mooring-plan-maloy\/\" \/>\n<meta property=\"og:site_name\" content=\"Nordfjord Havn\" \/>\n<meta name=\"twitter:card\" content=\"summary_large_image\" \/>\n<meta name=\"twitter:label1\" content=\"Est. reading time\" \/>\n\t<meta name=\"twitter:data1\" content=\"2 minutes\" \/>\n<script type=\"application\/ld+json\" class=\"yoast-schema-graph\">{\"@context\":\"https:\\\/\\\/schema.org\",\"@graph\":[{\"@type\":\"WebPage\",\"@id\":\"https:\\\/\\\/www.nordfjordhavn.no\\\/en\\\/cruise\\\/mooring-plan-maloy\\\/\",\"url\":\"https:\\\/\\\/www.nordfjordhavn.no\\\/en\\\/cruise\\\/mooring-plan-maloy\\\/\",\"name\":\"Mooring plan M\u00e5l\u00f8y - Nordfjord Havn\",\"isPartOf\":{\"@id\":\"https:\\\/\\\/www.nordfjordhavn.no\\\/#website\"},\"datePublished\":\"2024-03-05T08:21:09+00:00\",\"breadcrumb\":{\"@id\":\"https:\\\/\\\/www.nordfjordhavn.no\\\/en\\\/cruise\\\/mooring-plan-maloy\\\/#breadcrumb\"},\"inLanguage\":\"en-US\",\"potentialAction\":[{\"@type\":\"ReadAction\",\"target\":[\"https:\\\/\\\/www.nordfjordhavn.no\\\/en\\\/cruise\\\/mooring-plan-maloy\\\/\"]}]},{\"@type\":\"BreadcrumbList\",\"@id\":\"https:\\\/\\\/www.nordfjordhavn.no\\\/en\\\/cruise\\\/mooring-plan-maloy\\\/#breadcrumb\",\"itemListElement\":[{\"@type\":\"ListItem\",\"position\":1,\"name\":\"Hjem\",\"item\":\"https:\\\/\\\/www.nordfjordhavn.no\\\/en\\\/\"},{\"@type\":\"ListItem\",\"position\":2,\"name\":\"Cruise\",\"item\":\"https:\\\/\\\/www.nordfjordhavn.no\\\/en\\\/cruise\\\/\"},{\"@type\":\"ListItem\",\"position\":3,\"name\":\"Mooring plan M\u00e5l\u00f8y\"}]},{\"@type\":\"WebSite\",\"@id\":\"https:\\\/\\\/www.nordfjordhavn.no\\\/#website\",\"url\":\"https:\\\/\\\/www.nordfjordhavn.no\\\/\",\"name\":\"Nordfjord Havn\",\"description\":\"\",\"potentialAction\":[{\"@type\":\"SearchAction\",\"target\":{\"@type\":\"EntryPoint\",\"urlTemplate\":\"https:\\\/\\\/www.nordfjordhavn.no\\\/?s={search_term_string}\"},\"query-input\":{\"@type\":\"PropertyValueSpecification\",\"valueRequired\":true,\"valueName\":\"search_term_string\"}}],\"inLanguage\":\"en-US\"}]}<\/script>\n<!-- \/ Yoast SEO plugin. -->","yoast_head_json":{"title":"Mooring plan M\u00e5l\u00f8y - Nordfjord Havn","robots":{"index":"index","follow":"follow","max-snippet":"max-snippet:-1","max-image-preview":"max-image-preview:large","max-video-preview":"max-video-preview:-1"},"canonical":"https:\/\/www.nordfjordhavn.no\/en\/cruise\/mooring-plan-maloy\/","og_locale":"en_US","og_type":"article","og_title":"Mooring plan M\u00e5l\u00f8y - Nordfjord Havn","og_description":"Mooring plan M\u00e5l\u00f8yUp to 180m.180m. \u2013 280m.280m. and above","og_url":"https:\/\/www.nordfjordhavn.no\/en\/cruise\/mooring-plan-maloy\/","og_site_name":"Nordfjord Havn","twitter_card":"summary_large_image","twitter_misc":{"Est. reading time":"2 minutes"},"schema":{"@context":"https:\/\/schema.org","@graph":[{"@type":"WebPage","@id":"https:\/\/www.nordfjordhavn.no\/en\/cruise\/mooring-plan-maloy\/","url":"https:\/\/www.nordfjordhavn.no\/en\/cruise\/mooring-plan-maloy\/","name":"Mooring plan M\u00e5l\u00f8y - Nordfjord Havn","isPartOf":{"@id":"https:\/\/www.nordfjordhavn.no\/#website"},"datePublished":"2024-03-05T08:21:09+00:00","breadcrumb":{"@id":"https:\/\/www.nordfjordhavn.no\/en\/cruise\/mooring-plan-maloy\/#breadcrumb"},"inLanguage":"en-US","potentialAction":[{"@type":"ReadAction","target":["https:\/\/www.nordfjordhavn.no\/en\/cruise\/mooring-plan-maloy\/"]}]},{"@type":"BreadcrumbList","@id":"https:\/\/www.nordfjordhavn.no\/en\/cruise\/mooring-plan-maloy\/#breadcrumb","itemListElement":[{"@type":"ListItem","position":1,"name":"Hjem","item":"https:\/\/www.nordfjordhavn.no\/en\/"},{"@type":"ListItem","position":2,"name":"Cruise","item":"https:\/\/www.nordfjordhavn.no\/en\/cruise\/"},{"@type":"ListItem","position":3,"name":"Mooring plan M\u00e5l\u00f8y"}]},{"@type":"WebSite","@id":"https:\/\/www.nordfjordhavn.no\/#website","url":"https:\/\/www.nordfjordhavn.no\/","name":"Nordfjord Havn","description":"","potentialAction":[{"@type":"SearchAction","target":{"@type":"EntryPoint","urlTemplate":"https:\/\/www.nordfjordhavn.no\/?s={search_term_string}"},"query-input":{"@type":"PropertyValueSpecification","valueRequired":true,"valueName":"search_term_string"}}],"inLanguage":"en-US"}]}},"_links":{"self":[{"href":"https:\/\/www.nordfjordhavn.no\/en\/wp-json\/wp\/v2\/pages\/2719","targetHints":{"allow":["GET"]}}],"collection":[{"href":"https:\/\/www.nordfjordhavn.no\/en\/wp-json\/wp\/v2\/pages"}],"about":[{"href":"https:\/\/www.nordfjordhavn.no\/en\/wp-json\/wp\/v2\/types\/page"}],"author":[{"embeddable":true,"href":"https:\/\/www.nordfjordhavn.no\/en\/wp-json\/wp\/v2\/users\/1"}],"replies":[{"embeddable":true,"href":"https:\/\/www.nordfjordhavn.no\/en\/wp-json\/wp\/v2\/comments?post=2719"}],"version-history":[{"count":0,"href":"https:\/\/www.nordfjordhavn.no\/en\/wp-json\/wp\/v2\/pages\/2719\/revisions"}],"up":[{"embeddable":true,"href":"https:\/\/www.nordfjordhavn.no\/en\/wp-json\/wp\/v2\/pages\/1748"}],"wp:attachment":[{"href":"https:\/\/www.nordfjordhavn.no\/en\/wp-json\/wp\/v2\/media?parent=2719"}],"curies":[{"name":"wp","href":"https:\/\/api.w.org\/{rel}","templated":true}]}}